{"id":99,"date":"2023-09-22T01:44:04","date_gmt":"2023-09-22T01:44:04","guid":{"rendered":"https:\/\/rhyucatan.com\/?page_id=99"},"modified":"2023-11-14T18:16:54","modified_gmt":"2023-11-14T18:16:54","slug":"capacitacion","status":"publish","type":"page","link":"https:\/\/rhyucatan.com\/?page_id=99","title":{"rendered":"CAPACITACI\u00d3N"},"content":{"rendered":"\t\t<div data-elementor-type=\"wp-page\" data-elementor-id=\"99\" class=\"elementor elementor-99\">\n\t\t\t\t<div class=\"elementor-element elementor-element-61106576 e-flex e-con-boxed e-con e-parent\" data-id=\"61106576\" data-element_type=\"container\" data-e-type=\"container\">\n\t\t\t\t\t<div class=\"e-con-inner\">\n\t\t\t\t<div class=\"elementor-element elementor-element-69e664a9 elementor-invisible elementor-widget elementor-widget-text-editor\" data-id=\"69e664a9\" data-element_type=\"widget\" data-e-type=\"widget\" data-settings=\"{&quot;_animation&quot;:&quot;rotateInUpRight&quot;}\" data-widget_type=\"text-editor.default\">\n\t\t\t\t<div class=\"elementor-widget-container\">\n\t\t\t\t\t\t\t\t\t<p style=\"text-align: left;\"><strong>C<\/strong>ontamos con un equipo de profesionales en Capacitaci\u00f3n y Desarrollo de talento a la medida,\u00a0 logrando atravez de la inovaci\u00f3n de talleres, capacitaciones \u00a0partimos de las necesidades \u00fanicas de tu empresa y te acompa\u00f1amos en la ejecuci\u00f3n de programas de capacitaci\u00f3n hechos a la medida que inspiran a los colaboradores de tu organizaci\u00f3n.<\/p>\t\t\t\t\t\t\t\t<\/div>\n\t\t\t\t<\/div>\n\t\t\t\t\t<\/div>\n\t\t\t\t<\/div>\n\t\t<div class=\"elementor-element elementor-element-75c6ca2 e-flex e-con-boxed e-con e-parent\" data-id=\"75c6ca2\" data-element_type=\"container\" data-e-type=\"container\">\n\t\t\t\t\t<div class=\"e-con-inner\">\n\t\t\t\t<div class=\"elementor-element elementor-element-932648c animated-slow elementor-invisible elementor-widget elementor-widget-image\" data-id=\"932648c\" data-element_type=\"widget\" data-e-type=\"widget\" data-settings=\"{&quot;_animation&quot;:&quot;rollIn&quot;}\" data-widget_type=\"image.default\">\n\t\t\t\t<div class=\"elementor-widget-container\">\n\t\t\t\t\t\t\t\t\t\t\t\t\t\t\t<img fetchpriority=\"high\" decoding=\"async\" width=\"900\" height=\"500\" src=\"https:\/\/rhyucatan.com\/wp-content\/uploads\/2023\/11\/el-rol-de-un-capacitador.webp\" class=\"attachment-large size-large wp-image-825\" alt=\"\" srcset=\"https:\/\/rhyucatan.com\/wp-content\/uploads\/2023\/11\/el-rol-de-un-capacitador.webp 900w, https:\/\/rhyucatan.com\/wp-content\/uploads\/2023\/11\/el-rol-de-un-capacitador-300x167.webp 300w, https:\/\/rhyucatan.com\/wp-content\/uploads\/2023\/11\/el-rol-de-un-capacitador-768x427.webp 768w\" sizes=\"(max-width: 900px) 100vw, 900px\" \/>\t\t\t\t\t\t\t\t\t\t\t\t\t\t\t<\/div>\n\t\t\t\t<\/div>\n\t\t\t\t\t<\/div>\n\t\t\t\t<\/div>\n\t\t\t\t<\/div>\n\t\t","protected":false},"excerpt":{"rendered":"<p>Contamos con un equipo de profesionales en Capacitaci\u00f3n y Desarrollo de talento a la medida,\u00a0 logrando atravez de la inovaci\u00f3n de talleres, capacitaciones \u00a0partimos de las necesidades \u00fanicas de tu empresa y te acompa\u00f1amos en la ejecuci\u00f3n de programas de capacitaci\u00f3n hechos a la medida que inspiran a los colaboradores de tu organizaci\u00f3n.<\/p>\n","protected":false},"author":1,"featured_media":97,"parent":0,"menu_order":0,"comment_status":"closed","ping_status":"closed","template":"","meta":{"footnotes":""},"class_list":["post-99","page","type-page","status-publish","has-post-thumbnail","hentry"],"yoast_head":"<!-- This site is optimized with the Yoast SEO plugin v26.8 - https:\/\/yoast.com\/product\/yoast-seo-wordpress\/ -->\n<title>CAPACITACI\u00d3N -<\/title>\n<meta name=\"robots\" content=\"index, follow, max-snippet:-1, max-image-preview:large, max-video-preview:-1\" \/>\n<link rel=\"canonical\" href=\"https:\/\/rhyucatan.com\/?page_id=99\" \/>\n<meta property=\"og:locale\" content=\"es_ES\" \/>\n<meta property=\"og:type\" content=\"article\" \/>\n<meta property=\"og:title\" content=\"CAPACITACI\u00d3N -\" \/>\n<meta property=\"og:description\" content=\"Contamos con un equipo de profesionales en Capacitaci\u00f3n y Desarrollo de talento a la medida,\u00a0 logrando atravez de la inovaci\u00f3n de talleres, capacitaciones \u00a0partimos de las necesidades \u00fanicas de tu empresa y te acompa\u00f1amos en la ejecuci\u00f3n de programas de capacitaci\u00f3n hechos a la medida que inspiran a los colaboradores de tu organizaci\u00f3n.\" \/>\n<meta property=\"og:url\" content=\"https:\/\/rhyucatan.com\/?page_id=99\" \/>\n<meta property=\"article:publisher\" content=\"https:\/\/www.facebook.com\/rhyucatanrys?mibextid=ZbWKwL\" \/>\n<meta property=\"article:modified_time\" content=\"2023-11-14T18:16:54+00:00\" \/>\n<meta property=\"og:image\" content=\"https:\/\/rhyucatan.com\/wp-content\/uploads\/2023\/09\/el-rol-de-un-capacitador.webp\" \/>\n\t<meta property=\"og:image:width\" content=\"900\" \/>\n\t<meta property=\"og:image:height\" content=\"500\" \/>\n\t<meta property=\"og:image:type\" content=\"image\/webp\" \/>\n<meta name=\"twitter:card\" content=\"summary_large_image\" \/>\n<meta name=\"twitter:label1\" content=\"Tiempo de lectura\" \/>\n\t<meta name=\"twitter:data1\" content=\"1 minuto\" \/>\n<script type=\"application\/ld+json\" class=\"yoast-schema-graph\">{\"@context\":\"https:\/\/schema.org\",\"@graph\":[{\"@type\":\"WebPage\",\"@id\":\"https:\/\/rhyucatan.com\/?page_id=99\",\"url\":\"https:\/\/rhyucatan.com\/?page_id=99\",\"name\":\"CAPACITACI\u00d3N -\",\"isPartOf\":{\"@id\":\"https:\/\/rhyucatan.com\/#website\"},\"primaryImageOfPage\":{\"@id\":\"https:\/\/rhyucatan.com\/?page_id=99#primaryimage\"},\"image\":{\"@id\":\"https:\/\/rhyucatan.com\/?page_id=99#primaryimage\"},\"thumbnailUrl\":\"https:\/\/rhyucatan.com\/wp-content\/uploads\/2023\/09\/el-rol-de-un-capacitador.webp\",\"datePublished\":\"2023-09-22T01:44:04+00:00\",\"dateModified\":\"2023-11-14T18:16:54+00:00\",\"breadcrumb\":{\"@id\":\"https:\/\/rhyucatan.com\/?page_id=99#breadcrumb\"},\"inLanguage\":\"es\",\"potentialAction\":[{\"@type\":\"ReadAction\",\"target\":[\"https:\/\/rhyucatan.com\/?page_id=99\"]}]},{\"@type\":\"ImageObject\",\"inLanguage\":\"es\",\"@id\":\"https:\/\/rhyucatan.com\/?page_id=99#primaryimage\",\"url\":\"https:\/\/rhyucatan.com\/wp-content\/uploads\/2023\/09\/el-rol-de-un-capacitador.webp\",\"contentUrl\":\"https:\/\/rhyucatan.com\/wp-content\/uploads\/2023\/09\/el-rol-de-un-capacitador.webp\",\"width\":900,\"height\":500},{\"@type\":\"BreadcrumbList\",\"@id\":\"https:\/\/rhyucatan.com\/?page_id=99#breadcrumb\",\"itemListElement\":[{\"@type\":\"ListItem\",\"position\":1,\"name\":\"Portada\",\"item\":\"https:\/\/rhyucatan.com\/\"},{\"@type\":\"ListItem\",\"position\":2,\"name\":\"CAPACITACI\u00d3N\"}]},{\"@type\":\"WebSite\",\"@id\":\"https:\/\/rhyucatan.com\/#website\",\"url\":\"https:\/\/rhyucatan.com\/\",\"name\":\"RH Yucat\u00e1n\",\"description\":\"\",\"publisher\":{\"@id\":\"https:\/\/rhyucatan.com\/#organization\"},\"potentialAction\":[{\"@type\":\"SearchAction\",\"target\":{\"@type\":\"EntryPoint\",\"urlTemplate\":\"https:\/\/rhyucatan.com\/?s={search_term_string}\"},\"query-input\":{\"@type\":\"PropertyValueSpecification\",\"valueRequired\":true,\"valueName\":\"search_term_string\"}}],\"inLanguage\":\"es\"},{\"@type\":\"Organization\",\"@id\":\"https:\/\/rhyucatan.com\/#organization\",\"name\":\"RH Yucat\u00e1n\",\"url\":\"https:\/\/rhyucatan.com\/\",\"logo\":{\"@type\":\"ImageObject\",\"inLanguage\":\"es\",\"@id\":\"https:\/\/rhyucatan.com\/#\/schema\/logo\/image\/\",\"url\":\"https:\/\/rhyucatan.com\/wp-content\/uploads\/2023\/09\/cropped-1233-1.png\",\"contentUrl\":\"https:\/\/rhyucatan.com\/wp-content\/uploads\/2023\/09\/cropped-1233-1.png\",\"width\":370,\"height\":336,\"caption\":\"RH Yucat\u00e1n\"},\"image\":{\"@id\":\"https:\/\/rhyucatan.com\/#\/schema\/logo\/image\/\"},\"sameAs\":[\"https:\/\/www.facebook.com\/rhyucatanrys?mibextid=ZbWKwL\"]}]}<\/script>\n<!-- \/ Yoast SEO plugin. -->","yoast_head_json":{"title":"CAPACITACI\u00d3N -","robots":{"index":"index","follow":"follow","max-snippet":"max-snippet:-1","max-image-preview":"max-image-preview:large","max-video-preview":"max-video-preview:-1"},"canonical":"https:\/\/rhyucatan.com\/?page_id=99","og_locale":"es_ES","og_type":"article","og_title":"CAPACITACI\u00d3N -","og_description":"Contamos con un equipo de profesionales en Capacitaci\u00f3n y Desarrollo de talento a la medida,\u00a0 logrando atravez de la inovaci\u00f3n de talleres, capacitaciones \u00a0partimos de las necesidades \u00fanicas de tu empresa y te acompa\u00f1amos en la ejecuci\u00f3n de programas de capacitaci\u00f3n hechos a la medida que inspiran a los colaboradores de tu organizaci\u00f3n.","og_url":"https:\/\/rhyucatan.com\/?page_id=99","article_publisher":"https:\/\/www.facebook.com\/rhyucatanrys?mibextid=ZbWKwL","article_modified_time":"2023-11-14T18:16:54+00:00","og_image":[{"width":900,"height":500,"url":"https:\/\/rhyucatan.com\/wp-content\/uploads\/2023\/09\/el-rol-de-un-capacitador.webp","type":"image\/webp"}],"twitter_card":"summary_large_image","twitter_misc":{"Tiempo de lectura":"1 minuto"},"schema":{"@context":"https:\/\/schema.org","@graph":[{"@type":"WebPage","@id":"https:\/\/rhyucatan.com\/?page_id=99","url":"https:\/\/rhyucatan.com\/?page_id=99","name":"CAPACITACI\u00d3N -","isPartOf":{"@id":"https:\/\/rhyucatan.com\/#website"},"primaryImageOfPage":{"@id":"https:\/\/rhyucatan.com\/?page_id=99#primaryimage"},"image":{"@id":"https:\/\/rhyucatan.com\/?page_id=99#primaryimage"},"thumbnailUrl":"https:\/\/rhyucatan.com\/wp-content\/uploads\/2023\/09\/el-rol-de-un-capacitador.webp","datePublished":"2023-09-22T01:44:04+00:00","dateModified":"2023-11-14T18:16:54+00:00","breadcrumb":{"@id":"https:\/\/rhyucatan.com\/?page_id=99#breadcrumb"},"inLanguage":"es","potentialAction":[{"@type":"ReadAction","target":["https:\/\/rhyucatan.com\/?page_id=99"]}]},{"@type":"ImageObject","inLanguage":"es","@id":"https:\/\/rhyucatan.com\/?page_id=99#primaryimage","url":"https:\/\/rhyucatan.com\/wp-content\/uploads\/2023\/09\/el-rol-de-un-capacitador.webp","contentUrl":"https:\/\/rhyucatan.com\/wp-content\/uploads\/2023\/09\/el-rol-de-un-capacitador.webp","width":900,"height":500},{"@type":"BreadcrumbList","@id":"https:\/\/rhyucatan.com\/?page_id=99#breadcrumb","itemListElement":[{"@type":"ListItem","position":1,"name":"Portada","item":"https:\/\/rhyucatan.com\/"},{"@type":"ListItem","position":2,"name":"CAPACITACI\u00d3N"}]},{"@type":"WebSite","@id":"https:\/\/rhyucatan.com\/#website","url":"https:\/\/rhyucatan.com\/","name":"RH Yucat\u00e1n","description":"","publisher":{"@id":"https:\/\/rhyucatan.com\/#organization"},"potentialAction":[{"@type":"SearchAction","target":{"@type":"EntryPoint","urlTemplate":"https:\/\/rhyucatan.com\/?s={search_term_string}"},"query-input":{"@type":"PropertyValueSpecification","valueRequired":true,"valueName":"search_term_string"}}],"inLanguage":"es"},{"@type":"Organization","@id":"https:\/\/rhyucatan.com\/#organization","name":"RH Yucat\u00e1n","url":"https:\/\/rhyucatan.com\/","logo":{"@type":"ImageObject","inLanguage":"es","@id":"https:\/\/rhyucatan.com\/#\/schema\/logo\/image\/","url":"https:\/\/rhyucatan.com\/wp-content\/uploads\/2023\/09\/cropped-1233-1.png","contentUrl":"https:\/\/rhyucatan.com\/wp-content\/uploads\/2023\/09\/cropped-1233-1.png","width":370,"height":336,"caption":"RH Yucat\u00e1n"},"image":{"@id":"https:\/\/rhyucatan.com\/#\/schema\/logo\/image\/"},"sameAs":["https:\/\/www.facebook.com\/rhyucatanrys?mibextid=ZbWKwL"]}]}},"_links":{"self":[{"href":"https:\/\/rhyucatan.com\/index.php?rest_route=\/wp\/v2\/pages\/99","targetHints":{"allow":["GET"]}}],"collection":[{"href":"https:\/\/rhyucatan.com\/index.php?rest_route=\/wp\/v2\/pages"}],"about":[{"href":"https:\/\/rhyucatan.com\/index.php?rest_route=\/wp\/v2\/types\/page"}],"author":[{"embeddable":true,"href":"https:\/\/rhyucatan.com\/index.php?rest_route=\/wp\/v2\/users\/1"}],"replies":[{"embeddable":true,"href":"https:\/\/rhyucatan.com\/index.php?rest_route=%2Fwp%2Fv2%2Fcomments&post=99"}],"version-history":[{"count":11,"href":"https:\/\/rhyucatan.com\/index.php?rest_route=\/wp\/v2\/pages\/99\/revisions"}],"predecessor-version":[{"id":1043,"href":"https:\/\/rhyucatan.com\/index.php?rest_route=\/wp\/v2\/pages\/99\/revisions\/1043"}],"wp:featuredmedia":[{"embeddable":true,"href":"https:\/\/rhyucatan.com\/index.php?rest_route=\/wp\/v2\/media\/97"}],"wp:attachment":[{"href":"https:\/\/rhyucatan.com\/index.php?rest_route=%2Fwp%2Fv2%2Fmedia&parent=99"}],"curies":[{"name":"wp","href":"https:\/\/api.w.org\/{rel}","templated":true}]}}