{"id":322,"date":"2023-10-05T00:20:11","date_gmt":"2023-10-05T00:20:11","guid":{"rendered":"https:\/\/rhyucatan.com\/?page_id=322"},"modified":"2024-01-02T20:39:25","modified_gmt":"2024-01-02T20:39:25","slug":"asesoria-legal-laboral","status":"publish","type":"page","link":"https:\/\/rhyucatan.com\/?page_id=322","title":{"rendered":"ASESOR\u00cdA LEGAL LABORAL"},"content":{"rendered":"\t\t<div data-elementor-type=\"wp-page\" data-elementor-id=\"322\" class=\"elementor elementor-322\">\n\t\t\t\t<div class=\"elementor-element elementor-element-423ee43d e-flex e-con-boxed e-con e-parent\" data-id=\"423ee43d\" data-element_type=\"container\" data-e-type=\"container\">\n\t\t\t\t\t<div class=\"e-con-inner\">\n\t\t\t\t\t<\/div>\n\t\t\t\t<\/div>\n\t\t<div class=\"elementor-element elementor-element-bf27b4e e-flex e-con-boxed e-con e-parent\" data-id=\"bf27b4e\" data-element_type=\"container\" data-e-type=\"container\">\n\t\t\t\t\t<div class=\"e-con-inner\">\n\t\t\t\t<div class=\"elementor-element elementor-element-5aacad4 elementor-widget elementor-widget-heading\" data-id=\"5aacad4\" data-element_type=\"widget\" data-e-type=\"widget\" data-widget_type=\"heading.default\">\n\t\t\t\t<div class=\"elementor-widget-container\">\n\t\t\t\t\t<h2 class=\"elementor-heading-title elementor-size-default\">A\u00f1ade aqu\u00ed tu texto de cabecera<\/h2>\t\t\t\t<\/div>\n\t\t\t\t<\/div>\n\t\t\t\t<div class=\"elementor-element elementor-element-e2c4f1d animated-slow elementor-invisible elementor-widget elementor-widget-text-editor\" data-id=\"e2c4f1d\" data-element_type=\"widget\" data-e-type=\"widget\" data-settings=\"{&quot;_animation&quot;:&quot;fadeInUp&quot;}\" data-widget_type=\"text-editor.default\">\n\t\t\t\t<div class=\"elementor-widget-container\">\n\t\t\t\t\t\t\t\t\t<p><strong>C<\/strong>ontamos con un equipo\u00a0 de\u00a0 abogados especializados en derecho laboral,\u00a0que brindan orientaci\u00f3n y apoyo a las empresas y a los trabajadores para asegurar el cumplimiento de las leyes\u00a0laborales\u00a0y evitar problemas potenciales en el \u00e1mbito\u00a0laboral.<\/p><p><span style=\"color: #7a7a7a; font-family: Raleway, Helvetica, Arial, sans-serif; font-size: 14px; background-color: #ffffff;\">Nuestra asesor\u00eda eval\u00faa el marco operativo de cada cliente, los grupos de inter\u00e9s, as\u00ed como tambi\u00e9n el impacto que tienen nuestras recomendaciones en todos los aspectos que influyen dentro del \u00e1mbito de acci\u00f3n de nuestro cliente.<\/span><\/p>\t\t\t\t\t\t\t\t<\/div>\n\t\t\t\t<\/div>\n\t\t\t\t\t<\/div>\n\t\t\t\t<\/div>\n\t\t<div class=\"elementor-element elementor-element-03725c0 e-flex e-con-boxed e-con e-parent\" data-id=\"03725c0\" data-element_type=\"container\" data-e-type=\"container\">\n\t\t\t\t\t<div class=\"e-con-inner\">\n\t\t\t\t<div class=\"elementor-element elementor-element-723e979 elementor-invisible elementor-widget elementor-widget-image\" data-id=\"723e979\" data-element_type=\"widget\" data-e-type=\"widget\" data-settings=\"{&quot;_animation&quot;:&quot;zoomInUp&quot;}\" data-widget_type=\"image.default\">\n\t\t\t\t<div class=\"elementor-widget-container\">\n\t\t\t\t\t\t\t\t\t\t\t\t\t\t\t<img fetchpriority=\"high\" decoding=\"async\" width=\"427\" height=\"240\" src=\"https:\/\/rhyucatan.com\/wp-content\/uploads\/2023\/11\/240_F_276831797_pt3LSNMifFHn6cOnsAc60IQPd0IkKW4z-1.jpg\" class=\"attachment-large size-large wp-image-816\" alt=\"\" srcset=\"https:\/\/rhyucatan.com\/wp-content\/uploads\/2023\/11\/240_F_276831797_pt3LSNMifFHn6cOnsAc60IQPd0IkKW4z-1.jpg 427w, https:\/\/rhyucatan.com\/wp-content\/uploads\/2023\/11\/240_F_276831797_pt3LSNMifFHn6cOnsAc60IQPd0IkKW4z-1-300x169.jpg 300w\" sizes=\"(max-width: 427px) 100vw, 427px\" \/>\t\t\t\t\t\t\t\t\t\t\t\t\t\t\t<\/div>\n\t\t\t\t<\/div>\n\t\t\t\t\t<\/div>\n\t\t\t\t<\/div>\n\t\t<div class=\"elementor-element elementor-element-02fba64 e-flex e-con-boxed e-con e-parent\" data-id=\"02fba64\" data-element_type=\"container\" data-e-type=\"container\">\n\t\t\t\t\t<div class=\"e-con-inner\">\n\t\t\t\t<div class=\"elementor-element elementor-element-7ef8de8 elementor-widget elementor-widget-heading\" data-id=\"7ef8de8\" data-element_type=\"widget\" data-e-type=\"widget\" data-widget_type=\"heading.default\">\n\t\t\t\t<div class=\"elementor-widget-container\">\n\t\t\t\t\t<h2 class=\"elementor-heading-title elementor-size-default\">A\u00f1ade aqu\u00ed tu texto de cabecera<\/h2>\t\t\t\t<\/div>\n\t\t\t\t<\/div>\n\t\t\t\t\t<\/div>\n\t\t\t\t<\/div>\n\t\t\t\t<\/div>\n\t\t","protected":false},"excerpt":{"rendered":"<p>A\u00f1ade aqu\u00ed tu texto de cabecera Contamos con un equipo\u00a0 de\u00a0 abogados especializados en derecho laboral,\u00a0que brindan orientaci\u00f3n y apoyo a las empresas y a los trabajadores para asegurar el cumplimiento de las leyes\u00a0laborales\u00a0y evitar problemas potenciales en el \u00e1mbito\u00a0laboral. Nuestra asesor\u00eda eval\u00faa el marco operativo de cada cliente, los grupos de inter\u00e9s, as\u00ed como tambi\u00e9n el impacto que tienen nuestras recomendaciones en todos los aspectos que influyen dentro del \u00e1mbito de acci\u00f3n de nuestro cliente. A\u00f1ade aqu\u00ed tu texto de cabecera<\/p>\n","protected":false},"author":1,"featured_media":339,"parent":0,"menu_order":0,"comment_status":"closed","ping_status":"closed","template":"","meta":{"footnotes":""},"class_list":["post-322","page","type-page","status-publish","has-post-thumbnail","hentry"],"yoast_head":"<!-- This site is optimized with the Yoast SEO plugin v26.8 - https:\/\/yoast.com\/product\/yoast-seo-wordpress\/ -->\n<title>ASESOR\u00cdA LEGAL LABORAL -<\/title>\n<meta name=\"robots\" content=\"index, follow, max-snippet:-1, max-image-preview:large, max-video-preview:-1\" \/>\n<link rel=\"canonical\" href=\"https:\/\/rhyucatan.com\/?page_id=322\" \/>\n<meta property=\"og:locale\" content=\"es_ES\" \/>\n<meta property=\"og:type\" content=\"article\" \/>\n<meta property=\"og:title\" content=\"ASESOR\u00cdA LEGAL LABORAL -\" \/>\n<meta property=\"og:description\" content=\"A\u00f1ade aqu\u00ed tu texto de cabecera Contamos con un equipo\u00a0 de\u00a0 abogados especializados en derecho laboral,\u00a0que brindan orientaci\u00f3n y apoyo a las empresas y a los trabajadores para asegurar el cumplimiento de las leyes\u00a0laborales\u00a0y evitar problemas potenciales en el \u00e1mbito\u00a0laboral. Nuestra asesor\u00eda eval\u00faa el marco operativo de cada cliente, los grupos de inter\u00e9s, as\u00ed como tambi\u00e9n el impacto que tienen nuestras recomendaciones en todos los aspectos que influyen dentro del \u00e1mbito de acci\u00f3n de nuestro cliente. A\u00f1ade aqu\u00ed tu texto de cabecera\" \/>\n<meta property=\"og:url\" content=\"https:\/\/rhyucatan.com\/?page_id=322\" \/>\n<meta property=\"article:publisher\" content=\"https:\/\/www.facebook.com\/rhyucatanrys?mibextid=ZbWKwL\" \/>\n<meta property=\"article:modified_time\" content=\"2024-01-02T20:39:25+00:00\" \/>\n<meta property=\"og:image\" content=\"https:\/\/rhyucatan.com\/wp-content\/uploads\/2023\/10\/Finiquitos-ante-la-JLCA-exhortos-de-pension-alimenticia-demandas-a-nivel-nacional-1.png\" \/>\n\t<meta property=\"og:image:width\" content=\"1491\" \/>\n\t<meta property=\"og:image:height\" content=\"828\" \/>\n\t<meta property=\"og:image:type\" content=\"image\/png\" \/>\n<meta name=\"twitter:card\" content=\"summary_large_image\" \/>\n<meta name=\"twitter:label1\" content=\"Tiempo de lectura\" \/>\n\t<meta name=\"twitter:data1\" content=\"1 minuto\" \/>\n<script type=\"application\/ld+json\" class=\"yoast-schema-graph\">{\"@context\":\"https:\/\/schema.org\",\"@graph\":[{\"@type\":\"WebPage\",\"@id\":\"https:\/\/rhyucatan.com\/?page_id=322\",\"url\":\"https:\/\/rhyucatan.com\/?page_id=322\",\"name\":\"ASESOR\u00cdA LEGAL LABORAL -\",\"isPartOf\":{\"@id\":\"https:\/\/rhyucatan.com\/#website\"},\"primaryImageOfPage\":{\"@id\":\"https:\/\/rhyucatan.com\/?page_id=322#primaryimage\"},\"image\":{\"@id\":\"https:\/\/rhyucatan.com\/?page_id=322#primaryimage\"},\"thumbnailUrl\":\"https:\/\/rhyucatan.com\/wp-content\/uploads\/2023\/10\/Finiquitos-ante-la-JLCA-exhortos-de-pension-alimenticia-demandas-a-nivel-nacional-1.png\",\"datePublished\":\"2023-10-05T00:20:11+00:00\",\"dateModified\":\"2024-01-02T20:39:25+00:00\",\"breadcrumb\":{\"@id\":\"https:\/\/rhyucatan.com\/?page_id=322#breadcrumb\"},\"inLanguage\":\"es\",\"potentialAction\":[{\"@type\":\"ReadAction\",\"target\":[\"https:\/\/rhyucatan.com\/?page_id=322\"]}]},{\"@type\":\"ImageObject\",\"inLanguage\":\"es\",\"@id\":\"https:\/\/rhyucatan.com\/?page_id=322#primaryimage\",\"url\":\"https:\/\/rhyucatan.com\/wp-content\/uploads\/2023\/10\/Finiquitos-ante-la-JLCA-exhortos-de-pension-alimenticia-demandas-a-nivel-nacional-1.png\",\"contentUrl\":\"https:\/\/rhyucatan.com\/wp-content\/uploads\/2023\/10\/Finiquitos-ante-la-JLCA-exhortos-de-pension-alimenticia-demandas-a-nivel-nacional-1.png\",\"width\":1491,\"height\":828},{\"@type\":\"BreadcrumbList\",\"@id\":\"https:\/\/rhyucatan.com\/?page_id=322#breadcrumb\",\"itemListElement\":[{\"@type\":\"ListItem\",\"position\":1,\"name\":\"Portada\",\"item\":\"https:\/\/rhyucatan.com\/\"},{\"@type\":\"ListItem\",\"position\":2,\"name\":\"ASESOR\u00cdA LEGAL LABORAL\"}]},{\"@type\":\"WebSite\",\"@id\":\"https:\/\/rhyucatan.com\/#website\",\"url\":\"https:\/\/rhyucatan.com\/\",\"name\":\"RH Yucat\u00e1n\",\"description\":\"\",\"publisher\":{\"@id\":\"https:\/\/rhyucatan.com\/#organization\"},\"potentialAction\":[{\"@type\":\"SearchAction\",\"target\":{\"@type\":\"EntryPoint\",\"urlTemplate\":\"https:\/\/rhyucatan.com\/?s={search_term_string}\"},\"query-input\":{\"@type\":\"PropertyValueSpecification\",\"valueRequired\":true,\"valueName\":\"search_term_string\"}}],\"inLanguage\":\"es\"},{\"@type\":\"Organization\",\"@id\":\"https:\/\/rhyucatan.com\/#organization\",\"name\":\"RH Yucat\u00e1n\",\"url\":\"https:\/\/rhyucatan.com\/\",\"logo\":{\"@type\":\"ImageObject\",\"inLanguage\":\"es\",\"@id\":\"https:\/\/rhyucatan.com\/#\/schema\/logo\/image\/\",\"url\":\"https:\/\/rhyucatan.com\/wp-content\/uploads\/2023\/09\/cropped-1233-1.png\",\"contentUrl\":\"https:\/\/rhyucatan.com\/wp-content\/uploads\/2023\/09\/cropped-1233-1.png\",\"width\":370,\"height\":336,\"caption\":\"RH Yucat\u00e1n\"},\"image\":{\"@id\":\"https:\/\/rhyucatan.com\/#\/schema\/logo\/image\/\"},\"sameAs\":[\"https:\/\/www.facebook.com\/rhyucatanrys?mibextid=ZbWKwL\"]}]}<\/script>\n<!-- \/ Yoast SEO plugin. -->","yoast_head_json":{"title":"ASESOR\u00cdA LEGAL LABORAL -","robots":{"index":"index","follow":"follow","max-snippet":"max-snippet:-1","max-image-preview":"max-image-preview:large","max-video-preview":"max-video-preview:-1"},"canonical":"https:\/\/rhyucatan.com\/?page_id=322","og_locale":"es_ES","og_type":"article","og_title":"ASESOR\u00cdA LEGAL LABORAL -","og_description":"A\u00f1ade aqu\u00ed tu texto de cabecera Contamos con un equipo\u00a0 de\u00a0 abogados especializados en derecho laboral,\u00a0que brindan orientaci\u00f3n y apoyo a las empresas y a los trabajadores para asegurar el cumplimiento de las leyes\u00a0laborales\u00a0y evitar problemas potenciales en el \u00e1mbito\u00a0laboral. Nuestra asesor\u00eda eval\u00faa el marco operativo de cada cliente, los grupos de inter\u00e9s, as\u00ed como tambi\u00e9n el impacto que tienen nuestras recomendaciones en todos los aspectos que influyen dentro del \u00e1mbito de acci\u00f3n de nuestro cliente. A\u00f1ade aqu\u00ed tu texto de cabecera","og_url":"https:\/\/rhyucatan.com\/?page_id=322","article_publisher":"https:\/\/www.facebook.com\/rhyucatanrys?mibextid=ZbWKwL","article_modified_time":"2024-01-02T20:39:25+00:00","og_image":[{"width":1491,"height":828,"url":"https:\/\/rhyucatan.com\/wp-content\/uploads\/2023\/10\/Finiquitos-ante-la-JLCA-exhortos-de-pension-alimenticia-demandas-a-nivel-nacional-1.png","type":"image\/png"}],"twitter_card":"summary_large_image","twitter_misc":{"Tiempo de lectura":"1 minuto"},"schema":{"@context":"https:\/\/schema.org","@graph":[{"@type":"WebPage","@id":"https:\/\/rhyucatan.com\/?page_id=322","url":"https:\/\/rhyucatan.com\/?page_id=322","name":"ASESOR\u00cdA LEGAL LABORAL -","isPartOf":{"@id":"https:\/\/rhyucatan.com\/#website"},"primaryImageOfPage":{"@id":"https:\/\/rhyucatan.com\/?page_id=322#primaryimage"},"image":{"@id":"https:\/\/rhyucatan.com\/?page_id=322#primaryimage"},"thumbnailUrl":"https:\/\/rhyucatan.com\/wp-content\/uploads\/2023\/10\/Finiquitos-ante-la-JLCA-exhortos-de-pension-alimenticia-demandas-a-nivel-nacional-1.png","datePublished":"2023-10-05T00:20:11+00:00","dateModified":"2024-01-02T20:39:25+00:00","breadcrumb":{"@id":"https:\/\/rhyucatan.com\/?page_id=322#breadcrumb"},"inLanguage":"es","potentialAction":[{"@type":"ReadAction","target":["https:\/\/rhyucatan.com\/?page_id=322"]}]},{"@type":"ImageObject","inLanguage":"es","@id":"https:\/\/rhyucatan.com\/?page_id=322#primaryimage","url":"https:\/\/rhyucatan.com\/wp-content\/uploads\/2023\/10\/Finiquitos-ante-la-JLCA-exhortos-de-pension-alimenticia-demandas-a-nivel-nacional-1.png","contentUrl":"https:\/\/rhyucatan.com\/wp-content\/uploads\/2023\/10\/Finiquitos-ante-la-JLCA-exhortos-de-pension-alimenticia-demandas-a-nivel-nacional-1.png","width":1491,"height":828},{"@type":"BreadcrumbList","@id":"https:\/\/rhyucatan.com\/?page_id=322#breadcrumb","itemListElement":[{"@type":"ListItem","position":1,"name":"Portada","item":"https:\/\/rhyucatan.com\/"},{"@type":"ListItem","position":2,"name":"ASESOR\u00cdA LEGAL LABORAL"}]},{"@type":"WebSite","@id":"https:\/\/rhyucatan.com\/#website","url":"https:\/\/rhyucatan.com\/","name":"RH Yucat\u00e1n","description":"","publisher":{"@id":"https:\/\/rhyucatan.com\/#organization"},"potentialAction":[{"@type":"SearchAction","target":{"@type":"EntryPoint","urlTemplate":"https:\/\/rhyucatan.com\/?s={search_term_string}"},"query-input":{"@type":"PropertyValueSpecification","valueRequired":true,"valueName":"search_term_string"}}],"inLanguage":"es"},{"@type":"Organization","@id":"https:\/\/rhyucatan.com\/#organization","name":"RH Yucat\u00e1n","url":"https:\/\/rhyucatan.com\/","logo":{"@type":"ImageObject","inLanguage":"es","@id":"https:\/\/rhyucatan.com\/#\/schema\/logo\/image\/","url":"https:\/\/rhyucatan.com\/wp-content\/uploads\/2023\/09\/cropped-1233-1.png","contentUrl":"https:\/\/rhyucatan.com\/wp-content\/uploads\/2023\/09\/cropped-1233-1.png","width":370,"height":336,"caption":"RH Yucat\u00e1n"},"image":{"@id":"https:\/\/rhyucatan.com\/#\/schema\/logo\/image\/"},"sameAs":["https:\/\/www.facebook.com\/rhyucatanrys?mibextid=ZbWKwL"]}]}},"_links":{"self":[{"href":"https:\/\/rhyucatan.com\/index.php?rest_route=\/wp\/v2\/pages\/322","targetHints":{"allow":["GET"]}}],"collection":[{"href":"https:\/\/rhyucatan.com\/index.php?rest_route=\/wp\/v2\/pages"}],"about":[{"href":"https:\/\/rhyucatan.com\/index.php?rest_route=\/wp\/v2\/types\/page"}],"author":[{"embeddable":true,"href":"https:\/\/rhyucatan.com\/index.php?rest_route=\/wp\/v2\/users\/1"}],"replies":[{"embeddable":true,"href":"https:\/\/rhyucatan.com\/index.php?rest_route=%2Fwp%2Fv2%2Fcomments&post=322"}],"version-history":[{"count":52,"href":"https:\/\/rhyucatan.com\/index.php?rest_route=\/wp\/v2\/pages\/322\/revisions"}],"predecessor-version":[{"id":1157,"href":"https:\/\/rhyucatan.com\/index.php?rest_route=\/wp\/v2\/pages\/322\/revisions\/1157"}],"wp:featuredmedia":[{"embeddable":true,"href":"https:\/\/rhyucatan.com\/index.php?rest_route=\/wp\/v2\/media\/339"}],"wp:attachment":[{"href":"https:\/\/rhyucatan.com\/index.php?rest_route=%2Fwp%2Fv2%2Fmedia&parent=322"}],"curies":[{"name":"wp","href":"https:\/\/api.w.org\/{rel}","templated":true}]}}