{"id":310,"date":"2023-10-05T00:07:52","date_gmt":"2023-10-05T00:07:52","guid":{"rendered":"https:\/\/rhyucatan.com\/?page_id=310"},"modified":"2023-10-10T01:36:27","modified_gmt":"2023-10-10T01:36:27","slug":"servicios","status":"publish","type":"page","link":"https:\/\/rhyucatan.com\/?page_id=310","title":{"rendered":"SERVICIOS"},"content":{"rendered":"\t\t<div data-elementor-type=\"wp-page\" data-elementor-id=\"310\" class=\"elementor elementor-310\">\n\t\t\t\t<div class=\"elementor-element elementor-element-61572ab e-flex e-con-boxed e-con e-parent\" data-id=\"61572ab\" data-element_type=\"container\" data-e-type=\"container\">\n\t\t\t\t\t<div class=\"e-con-inner\">\n\t\t\t\t<div class=\"elementor-element elementor-element-9d5bbba elementor-widget elementor-widget-image\" data-id=\"9d5bbba\" data-element_type=\"widget\" data-e-type=\"widget\" data-widget_type=\"image.default\">\n\t\t\t\t<div class=\"elementor-widget-container\">\n\t\t\t\t\t\t\t\t\t\t\t\t\t\t\t<img fetchpriority=\"high\" decoding=\"async\" width=\"920\" height=\"920\" src=\"https:\/\/rhyucatan.com\/wp-content\/uploads\/2023\/10\/Diseno-sin-titulo-10.png\" class=\"attachment-large size-large wp-image-383\" alt=\"\" srcset=\"https:\/\/rhyucatan.com\/wp-content\/uploads\/2023\/10\/Diseno-sin-titulo-10.png 920w, https:\/\/rhyucatan.com\/wp-content\/uploads\/2023\/10\/Diseno-sin-titulo-10-300x300.png 300w, https:\/\/rhyucatan.com\/wp-content\/uploads\/2023\/10\/Diseno-sin-titulo-10-150x150.png 150w, https:\/\/rhyucatan.com\/wp-content\/uploads\/2023\/10\/Diseno-sin-titulo-10-768x768.png 768w, https:\/\/rhyucatan.com\/wp-content\/uploads\/2023\/10\/Diseno-sin-titulo-10-850x850.png 850w\" sizes=\"(max-width: 920px) 100vw, 920px\" \/>\t\t\t\t\t\t\t\t\t\t\t\t\t\t\t<\/div>\n\t\t\t\t<\/div>\n\t\t\t\t<div class=\"elementor-element elementor-element-7b890ea elementor-widget elementor-widget-heading\" data-id=\"7b890ea\" data-element_type=\"widget\" data-e-type=\"widget\" data-widget_type=\"heading.default\">\n\t\t\t\t<div class=\"elementor-widget-container\">\n\t\t\t\t\t<h2 class=\"elementor-heading-title elementor-size-default\">PRINCIPALES SERVICIOS<\/h2>\t\t\t\t<\/div>\n\t\t\t\t<\/div>\n\t\t\t\t<div class=\"elementor-element elementor-element-6770988 elementor-widget elementor-widget-text-editor\" data-id=\"6770988\" data-element_type=\"widget\" data-e-type=\"widget\" data-widget_type=\"text-editor.default\">\n\t\t\t\t<div class=\"elementor-widget-container\">\n\t\t\t\t\t\t\t\t\t<p>El <strong>85% de los clientes<\/strong> que han solicitado servicios, se han vuelto recurrentes, al comprobarla utilidad en la implementaci\u00f3n de nuestras soluciones.<\/p>\t\t\t\t\t\t\t\t<\/div>\n\t\t\t\t<\/div>\n\t\t\t\t<div class=\"elementor-element elementor-element-1a21230 elementor-icon-list--layout-traditional elementor-list-item-link-full_width elementor-widget elementor-widget-icon-list\" data-id=\"1a21230\" data-element_type=\"widget\" data-e-type=\"widget\" data-widget_type=\"icon-list.default\">\n\t\t\t\t<div class=\"elementor-widget-container\">\n\t\t\t\t\t\t\t<ul class=\"elementor-icon-list-items\">\n\t\t\t\t\t\t\t<li class=\"elementor-icon-list-item\">\n\t\t\t\t\t\t\t\t\t\t\t<a href=\"https:\/\/rhyucatan.com\/?page_id=15\">\n\n\t\t\t\t\t\t\t\t\t\t\t\t<span class=\"elementor-icon-list-icon\">\n\t\t\t\t\t\t\t<i aria-hidden=\"true\" class=\"far fa-handshake\"><\/i>\t\t\t\t\t\t<\/span>\n\t\t\t\t\t\t\t\t\t\t<span class=\"elementor-icon-list-text\">Reclutamiento a nivel nacional<\/span>\n\t\t\t\t\t\t\t\t\t\t\t<\/a>\n\t\t\t\t\t\t\t\t\t<\/li>\n\t\t\t\t\t\t\t\t<li class=\"elementor-icon-list-item\">\n\t\t\t\t\t\t\t\t\t\t\t<a href=\"https:\/\/rhyucatan.com\/?page_id=322\">\n\n\t\t\t\t\t\t\t\t\t\t\t\t<span class=\"elementor-icon-list-icon\">\n\t\t\t\t\t\t\t<i aria-hidden=\"true\" class=\"fas fa-briefcase\"><\/i>\t\t\t\t\t\t<\/span>\n\t\t\t\t\t\t\t\t\t\t<span class=\"elementor-icon-list-text\">Asesor\u00eda legal laboral<\/span>\n\t\t\t\t\t\t\t\t\t\t\t<\/a>\n\t\t\t\t\t\t\t\t\t<\/li>\n\t\t\t\t\t\t\t\t<li class=\"elementor-icon-list-item\">\n\t\t\t\t\t\t\t\t\t\t\t<a href=\"https:\/\/rhyucatan.com\/?page_id=99\">\n\n\t\t\t\t\t\t\t\t\t\t\t\t<span class=\"elementor-icon-list-icon\">\n\t\t\t\t\t\t\t<i aria-hidden=\"true\" class=\"fas fa-people-arrows\"><\/i>\t\t\t\t\t\t<\/span>\n\t\t\t\t\t\t\t\t\t\t<span class=\"elementor-icon-list-text\">Capacitaciones<\/span>\n\t\t\t\t\t\t\t\t\t\t\t<\/a>\n\t\t\t\t\t\t\t\t\t<\/li>\n\t\t\t\t\t\t\t\t<li class=\"elementor-icon-list-item\">\n\t\t\t\t\t\t\t\t\t\t\t<a href=\"https:\/\/rhyucatan.com\/?page_id=12\">\n\n\t\t\t\t\t\t\t\t\t\t\t\t<span class=\"elementor-icon-list-icon\">\n\t\t\t\t\t\t\t<i aria-hidden=\"true\" class=\"fas fa-clipboard-check\"><\/i>\t\t\t\t\t\t<\/span>\n\t\t\t\t\t\t\t\t\t\t<span class=\"elementor-icon-list-text\">Legal<\/span>\n\t\t\t\t\t\t\t\t\t\t\t<\/a>\n\t\t\t\t\t\t\t\t\t<\/li>\n\t\t\t\t\t\t<\/ul>\n\t\t\t\t\t\t<\/div>\n\t\t\t\t<\/div>\n\t\t\t\t<div class=\"elementor-element elementor-element-b93100e elementor-widget elementor-widget-heading\" data-id=\"b93100e\" data-element_type=\"widget\" data-e-type=\"widget\" data-widget_type=\"heading.default\">\n\t\t\t\t<div class=\"elementor-widget-container\">\n\t\t\t\t\t<h2 class=\"elementor-heading-title elementor-size-default\">OTROS SERVICIOS<\/h2>\t\t\t\t<\/div>\n\t\t\t\t<\/div>\n\t\t\t\t<div class=\"elementor-element elementor-element-89aa8e4 elementor-widget elementor-widget-text-editor\" data-id=\"89aa8e4\" data-element_type=\"widget\" data-e-type=\"widget\" data-widget_type=\"text-editor.default\">\n\t\t\t\t<div class=\"elementor-widget-container\">\n\t\t\t\t\t\t\t\t\t<ul><li><span style=\"text-align: var(--text-align); font-size: 16px;\">Psicometr\u00edas<\/span><\/li><li>Pol\u00edgrafo<\/li><li>Clima laboral<\/li><li>Desarrollo humano<\/li><li style=\"font-style: normal; font-variant-caps: normal; font-stretch: normal; line-height: normal; font-family: Helvetica; font-size-adjust: none; font-kerning: auto; font-variant-alternates: normal; font-variant-ligatures: normal; font-variant-numeric: normal; font-variant-east-asian: normal; font-variant-position: normal; font-feature-settings: normal; font-optical-sizing: auto; font-variation-settings: normal;\">Desarrollo de escala de crecimiento laboral<\/li><li style=\"font-style: normal; font-variant-caps: normal; font-stretch: normal; line-height: normal; font-family: Helvetica; font-size-adjust: none; font-kerning: auto; font-variant-alternates: normal; font-variant-ligatures: normal; font-variant-numeric: normal; font-variant-east-asian: normal; font-variant-position: normal; font-feature-settings: normal; font-optical-sizing: auto; font-variation-settings: normal;\">An\u00e1lisis de puestoS<\/li><li style=\"font-style: normal; font-variant-caps: normal; font-stretch: normal; line-height: normal; font-family: Helvetica; font-size-adjust: none; font-kerning: auto; font-variant-alternates: normal; font-variant-ligatures: normal; font-variant-numeric: normal; font-variant-east-asian: normal; font-variant-position: normal; font-feature-settings: normal; font-optical-sizing: auto; font-variation-settings: normal;\">Paquetes de contrataci\u00f3n<\/li><li style=\"font-style: normal; font-variant-caps: normal; font-stretch: normal; line-height: normal; font-family: Helvetica; font-size-adjust: none; font-kerning: auto; font-variant-alternates: normal; font-variant-ligatures: normal; font-variant-numeric: normal; font-variant-east-asian: normal; font-variant-position: normal; font-feature-settings: normal; font-optical-sizing: auto; font-variation-settings: normal;\">Organigrama y manual de flujo interno, responsabilidades y objetivos por puesto y \u00e1rea<\/li><li style=\"font-style: normal; font-variant-caps: normal; font-stretch: normal; line-height: normal; font-family: Helvetica; font-size-adjust: none; font-kerning: auto; font-variant-alternates: normal; font-variant-ligatures: normal; font-variant-numeric: normal; font-variant-east-asian: normal; font-variant-position: normal; font-feature-settings: normal; font-optical-sizing: auto; font-variation-settings: normal;\">Inclusi\u00f3n de KPI\u00b4S (Indicado clave de rendimiento)<\/li><li style=\"font-style: normal; font-variant-caps: normal; font-stretch: normal; line-height: normal; font-family: Helvetica; font-size-adjust: none; font-kerning: auto; font-variant-alternates: normal; font-variant-ligatures: normal; font-variant-numeric: normal; font-variant-east-asian: normal; font-variant-position: normal; font-feature-settings: normal; font-optical-sizing: auto; font-variation-settings: normal;\">Evaluaciones e impacto en el desarrollo de la capacitaci\u00f3n<\/li><\/ul>\t\t\t\t\t\t\t\t<\/div>\n\t\t\t\t<\/div>\n\t\t\t\t\t<\/div>\n\t\t\t\t<\/div>\n\t\t\t\t<\/div>\n\t\t","protected":false},"excerpt":{"rendered":"<p>PRINCIPALES SERVICIOS El 85% de los clientes que han solicitado servicios, se han vuelto recurrentes, al comprobarla utilidad en la implementaci\u00f3n de nuestras soluciones. Reclutamiento a nivel nacional Asesor\u00eda legal laboral Capacitaciones Legal OTROS SERVICIOS Psicometr\u00edas Pol\u00edgrafo Clima laboral Desarrollo humano Desarrollo de escala de crecimiento laboral An\u00e1lisis de puestoS Paquetes de contrataci\u00f3n Organigrama y manual de flujo interno, responsabilidades y objetivos por puesto y \u00e1rea Inclusi\u00f3n de KPI\u00b4S (Indicado clave de rendimiento) Evaluaciones e impacto en el desarrollo de la capacitaci\u00f3n<\/p>\n","protected":false},"author":1,"featured_media":0,"parent":0,"menu_order":0,"comment_status":"closed","ping_status":"closed","template":"","meta":{"footnotes":""},"class_list":["post-310","page","type-page","status-publish","hentry"],"yoast_head":"<!-- This site is optimized with the Yoast SEO plugin v26.8 - https:\/\/yoast.com\/product\/yoast-seo-wordpress\/ -->\n<title>SERVICIOS -<\/title>\n<meta name=\"robots\" content=\"index, follow, max-snippet:-1, max-image-preview:large, max-video-preview:-1\" \/>\n<link rel=\"canonical\" href=\"https:\/\/rhyucatan.com\/?page_id=310\" \/>\n<meta property=\"og:locale\" content=\"es_ES\" \/>\n<meta property=\"og:type\" content=\"article\" \/>\n<meta property=\"og:title\" content=\"SERVICIOS -\" \/>\n<meta property=\"og:description\" content=\"PRINCIPALES SERVICIOS El 85% de los clientes que han solicitado servicios, se han vuelto recurrentes, al comprobarla utilidad en la implementaci\u00f3n de nuestras soluciones. Reclutamiento a nivel nacional Asesor\u00eda legal laboral Capacitaciones Legal OTROS SERVICIOS Psicometr\u00edas Pol\u00edgrafo Clima laboral Desarrollo humano Desarrollo de escala de crecimiento laboral An\u00e1lisis de puestoS Paquetes de contrataci\u00f3n Organigrama y manual de flujo interno, responsabilidades y objetivos por puesto y \u00e1rea Inclusi\u00f3n de KPI\u00b4S (Indicado clave de rendimiento) Evaluaciones e impacto en el desarrollo de la capacitaci\u00f3n\" \/>\n<meta property=\"og:url\" content=\"https:\/\/rhyucatan.com\/?page_id=310\" \/>\n<meta property=\"article:publisher\" content=\"https:\/\/www.facebook.com\/rhyucatanrys?mibextid=ZbWKwL\" \/>\n<meta property=\"article:modified_time\" content=\"2023-10-10T01:36:27+00:00\" \/>\n<meta property=\"og:image\" content=\"https:\/\/rhyucatan.com\/wp-content\/uploads\/2023\/10\/Diseno-sin-titulo-10.png\" \/>\n<meta name=\"twitter:card\" content=\"summary_large_image\" \/>\n<script type=\"application\/ld+json\" class=\"yoast-schema-graph\">{\"@context\":\"https:\/\/schema.org\",\"@graph\":[{\"@type\":\"WebPage\",\"@id\":\"https:\/\/rhyucatan.com\/?page_id=310\",\"url\":\"https:\/\/rhyucatan.com\/?page_id=310\",\"name\":\"SERVICIOS -\",\"isPartOf\":{\"@id\":\"https:\/\/rhyucatan.com\/#website\"},\"primaryImageOfPage\":{\"@id\":\"https:\/\/rhyucatan.com\/?page_id=310#primaryimage\"},\"image\":{\"@id\":\"https:\/\/rhyucatan.com\/?page_id=310#primaryimage\"},\"thumbnailUrl\":\"https:\/\/rhyucatan.com\/wp-content\/uploads\/2023\/10\/Diseno-sin-titulo-10.png\",\"datePublished\":\"2023-10-05T00:07:52+00:00\",\"dateModified\":\"2023-10-10T01:36:27+00:00\",\"breadcrumb\":{\"@id\":\"https:\/\/rhyucatan.com\/?page_id=310#breadcrumb\"},\"inLanguage\":\"es\",\"potentialAction\":[{\"@type\":\"ReadAction\",\"target\":[\"https:\/\/rhyucatan.com\/?page_id=310\"]}]},{\"@type\":\"ImageObject\",\"inLanguage\":\"es\",\"@id\":\"https:\/\/rhyucatan.com\/?page_id=310#primaryimage\",\"url\":\"https:\/\/rhyucatan.com\/wp-content\/uploads\/2023\/10\/Diseno-sin-titulo-10.png\",\"contentUrl\":\"https:\/\/rhyucatan.com\/wp-content\/uploads\/2023\/10\/Diseno-sin-titulo-10.png\",\"width\":920,\"height\":920},{\"@type\":\"BreadcrumbList\",\"@id\":\"https:\/\/rhyucatan.com\/?page_id=310#breadcrumb\",\"itemListElement\":[{\"@type\":\"ListItem\",\"position\":1,\"name\":\"Portada\",\"item\":\"https:\/\/rhyucatan.com\/\"},{\"@type\":\"ListItem\",\"position\":2,\"name\":\"SERVICIOS\"}]},{\"@type\":\"WebSite\",\"@id\":\"https:\/\/rhyucatan.com\/#website\",\"url\":\"https:\/\/rhyucatan.com\/\",\"name\":\"RH Yucat\u00e1n\",\"description\":\"\",\"publisher\":{\"@id\":\"https:\/\/rhyucatan.com\/#organization\"},\"potentialAction\":[{\"@type\":\"SearchAction\",\"target\":{\"@type\":\"EntryPoint\",\"urlTemplate\":\"https:\/\/rhyucatan.com\/?s={search_term_string}\"},\"query-input\":{\"@type\":\"PropertyValueSpecification\",\"valueRequired\":true,\"valueName\":\"search_term_string\"}}],\"inLanguage\":\"es\"},{\"@type\":\"Organization\",\"@id\":\"https:\/\/rhyucatan.com\/#organization\",\"name\":\"RH Yucat\u00e1n\",\"url\":\"https:\/\/rhyucatan.com\/\",\"logo\":{\"@type\":\"ImageObject\",\"inLanguage\":\"es\",\"@id\":\"https:\/\/rhyucatan.com\/#\/schema\/logo\/image\/\",\"url\":\"https:\/\/rhyucatan.com\/wp-content\/uploads\/2023\/09\/cropped-1233-1.png\",\"contentUrl\":\"https:\/\/rhyucatan.com\/wp-content\/uploads\/2023\/09\/cropped-1233-1.png\",\"width\":370,\"height\":336,\"caption\":\"RH Yucat\u00e1n\"},\"image\":{\"@id\":\"https:\/\/rhyucatan.com\/#\/schema\/logo\/image\/\"},\"sameAs\":[\"https:\/\/www.facebook.com\/rhyucatanrys?mibextid=ZbWKwL\"]}]}<\/script>\n<!-- \/ Yoast SEO plugin. -->","yoast_head_json":{"title":"SERVICIOS -","robots":{"index":"index","follow":"follow","max-snippet":"max-snippet:-1","max-image-preview":"max-image-preview:large","max-video-preview":"max-video-preview:-1"},"canonical":"https:\/\/rhyucatan.com\/?page_id=310","og_locale":"es_ES","og_type":"article","og_title":"SERVICIOS -","og_description":"PRINCIPALES SERVICIOS El 85% de los clientes que han solicitado servicios, se han vuelto recurrentes, al comprobarla utilidad en la implementaci\u00f3n de nuestras soluciones. Reclutamiento a nivel nacional Asesor\u00eda legal laboral Capacitaciones Legal OTROS SERVICIOS Psicometr\u00edas Pol\u00edgrafo Clima laboral Desarrollo humano Desarrollo de escala de crecimiento laboral An\u00e1lisis de puestoS Paquetes de contrataci\u00f3n Organigrama y manual de flujo interno, responsabilidades y objetivos por puesto y \u00e1rea Inclusi\u00f3n de KPI\u00b4S (Indicado clave de rendimiento) Evaluaciones e impacto en el desarrollo de la capacitaci\u00f3n","og_url":"https:\/\/rhyucatan.com\/?page_id=310","article_publisher":"https:\/\/www.facebook.com\/rhyucatanrys?mibextid=ZbWKwL","article_modified_time":"2023-10-10T01:36:27+00:00","og_image":[{"url":"https:\/\/rhyucatan.com\/wp-content\/uploads\/2023\/10\/Diseno-sin-titulo-10.png","type":"","width":"","height":""}],"twitter_card":"summary_large_image","schema":{"@context":"https:\/\/schema.org","@graph":[{"@type":"WebPage","@id":"https:\/\/rhyucatan.com\/?page_id=310","url":"https:\/\/rhyucatan.com\/?page_id=310","name":"SERVICIOS -","isPartOf":{"@id":"https:\/\/rhyucatan.com\/#website"},"primaryImageOfPage":{"@id":"https:\/\/rhyucatan.com\/?page_id=310#primaryimage"},"image":{"@id":"https:\/\/rhyucatan.com\/?page_id=310#primaryimage"},"thumbnailUrl":"https:\/\/rhyucatan.com\/wp-content\/uploads\/2023\/10\/Diseno-sin-titulo-10.png","datePublished":"2023-10-05T00:07:52+00:00","dateModified":"2023-10-10T01:36:27+00:00","breadcrumb":{"@id":"https:\/\/rhyucatan.com\/?page_id=310#breadcrumb"},"inLanguage":"es","potentialAction":[{"@type":"ReadAction","target":["https:\/\/rhyucatan.com\/?page_id=310"]}]},{"@type":"ImageObject","inLanguage":"es","@id":"https:\/\/rhyucatan.com\/?page_id=310#primaryimage","url":"https:\/\/rhyucatan.com\/wp-content\/uploads\/2023\/10\/Diseno-sin-titulo-10.png","contentUrl":"https:\/\/rhyucatan.com\/wp-content\/uploads\/2023\/10\/Diseno-sin-titulo-10.png","width":920,"height":920},{"@type":"BreadcrumbList","@id":"https:\/\/rhyucatan.com\/?page_id=310#breadcrumb","itemListElement":[{"@type":"ListItem","position":1,"name":"Portada","item":"https:\/\/rhyucatan.com\/"},{"@type":"ListItem","position":2,"name":"SERVICIOS"}]},{"@type":"WebSite","@id":"https:\/\/rhyucatan.com\/#website","url":"https:\/\/rhyucatan.com\/","name":"RH Yucat\u00e1n","description":"","publisher":{"@id":"https:\/\/rhyucatan.com\/#organization"},"potentialAction":[{"@type":"SearchAction","target":{"@type":"EntryPoint","urlTemplate":"https:\/\/rhyucatan.com\/?s={search_term_string}"},"query-input":{"@type":"PropertyValueSpecification","valueRequired":true,"valueName":"search_term_string"}}],"inLanguage":"es"},{"@type":"Organization","@id":"https:\/\/rhyucatan.com\/#organization","name":"RH Yucat\u00e1n","url":"https:\/\/rhyucatan.com\/","logo":{"@type":"ImageObject","inLanguage":"es","@id":"https:\/\/rhyucatan.com\/#\/schema\/logo\/image\/","url":"https:\/\/rhyucatan.com\/wp-content\/uploads\/2023\/09\/cropped-1233-1.png","contentUrl":"https:\/\/rhyucatan.com\/wp-content\/uploads\/2023\/09\/cropped-1233-1.png","width":370,"height":336,"caption":"RH Yucat\u00e1n"},"image":{"@id":"https:\/\/rhyucatan.com\/#\/schema\/logo\/image\/"},"sameAs":["https:\/\/www.facebook.com\/rhyucatanrys?mibextid=ZbWKwL"]}]}},"_links":{"self":[{"href":"https:\/\/rhyucatan.com\/index.php?rest_route=\/wp\/v2\/pages\/310","targetHints":{"allow":["GET"]}}],"collection":[{"href":"https:\/\/rhyucatan.com\/index.php?rest_route=\/wp\/v2\/pages"}],"about":[{"href":"https:\/\/rhyucatan.com\/index.php?rest_route=\/wp\/v2\/types\/page"}],"author":[{"embeddable":true,"href":"https:\/\/rhyucatan.com\/index.php?rest_route=\/wp\/v2\/users\/1"}],"replies":[{"embeddable":true,"href":"https:\/\/rhyucatan.com\/index.php?rest_route=%2Fwp%2Fv2%2Fcomments&post=310"}],"version-history":[{"count":19,"href":"https:\/\/rhyucatan.com\/index.php?rest_route=\/wp\/v2\/pages\/310\/revisions"}],"predecessor-version":[{"id":469,"href":"https:\/\/rhyucatan.com\/index.php?rest_route=\/wp\/v2\/pages\/310\/revisions\/469"}],"wp:attachment":[{"href":"https:\/\/rhyucatan.com\/index.php?rest_route=%2Fwp%2Fv2%2Fmedia&parent=310"}],"curies":[{"name":"wp","href":"https:\/\/api.w.org\/{rel}","templated":true}]}}