{"id":3,"date":"2023-09-21T14:16:14","date_gmt":"2023-09-21T14:16:14","guid":{"rendered":"https:\/\/rhyucatan.com\/?page_id=3"},"modified":"2024-01-02T20:44:59","modified_gmt":"2024-01-02T20:44:59","slug":"privacy-policy","status":"publish","type":"page","link":"https:\/\/rhyucatan.com\/?page_id=3","title":{"rendered":"Pol\u00edtica de Privacidad"},"content":{"rendered":"<p>&nbsp;<\/p>\n<article id=\"post-9\"><strong>Pol\u00edtica de privacidad<\/strong>La presente Pol\u00edtica de Tratamiento de Datos Personales e Informaci\u00f3n (en adelante la \u00abPol\u00edtica\u00bb), tiene como objetivo implementar las disposiciones contenidas en la Ley Federal de Protecci\u00f3n de Datos Personales en Posesi\u00f3n de los Particulares y dem\u00e1s normas relacionadas, en lo que se refiere exclusivamente a las bases de datos, archivos e informaci\u00f3n que contenga datos personales susceptibles de tratamiento, y explica como RH YUCATAN . recolecta, almacena, usa, circula y trata informaci\u00f3n que usted nos provee a trav\u00e9s de distintos medios No dudes en consultarnos cualquier duda al respecto a trav\u00e9s del correo electr\u00f3nico:\u00a0legal@rhyucatan.com.<strong>\u00cdndice de contenidos<\/strong><\/p>\n<p>En esta Pol\u00edtica encontrar\u00e1s toda la informaci\u00f3n relativa al tratamiento de tus datos personales y a los derechos que puedes ejercer para mantener el control sobre los mismos. En este sentido, encontrar\u00e1s informaci\u00f3n sobre:<\/p>\n<ol>\n<li>Qui\u00e9n es el responsable del tratamiento de sus datos.<\/li>\n<li>Qu\u00e9 requisitos debes cumplir para suministrarnos tus datos personales.<\/li>\n<li>Qu\u00e9 tratamientos de datos realizamos a trav\u00e9s del sitio web y cu\u00e1les son sus principales caracter\u00edsticas, explic\u00e1ndote:<\/li>\n<\/ol>\n<ul>\n<li>Qu\u00e9 datos recogemos y cu\u00e1les son las v\u00edas de recogida de estos.<\/li>\n<li>Para qu\u00e9 finalidades recabamos los datos que te solicitamos.<\/li>\n<li>Cu\u00e1l es la legitimaci\u00f3n para su tratamiento.<\/li>\n<li>Durante cu\u00e1nto tiempo los conservamos.<\/li>\n<\/ul>\n<ol start=\"4\">\n<li>A qu\u00e9 destinatarios se comunican tus datos.<\/li>\n<li>Existencia de transferencias internacionales de tus datos.<\/li>\n<li>Cu\u00e1les son tus derechos y c\u00f3mo puedes ejercerlos.<\/li>\n<li>C\u00f3mo protegemos tu informaci\u00f3n personal.<\/li>\n<li>Modificaciones de esta pol\u00edtica.<\/li>\n<\/ol>\n<p><strong>\u00bfQui\u00e9n es el responsable del tratamiento de tus datos personales<\/strong><\/p>\n<p>Tus datos personales ser\u00e1n tratados por la empresa RH YUCATAN. (\u201cRH YUCATAN\u201d), \u00a0direcci\u00f3n: Av. Paseos del Pedregal #516 Col. Jardines del Pedregal C.P 01900, CDMX. Email de contacto: legal@rhyucatan.com<\/p>\n<p><strong>1.1. Nuestro Departamento de Datos Personales:\u00a0<\/strong>Desde RH YUCATAN,<strong>\u00a0<\/strong>ponemos a tu disposici\u00f3n los datos de contacto de nuestro Departamento de Datos Personales, a qui\u00e9n puedes dirigir cualquier consulta que tengas en relaci\u00f3n con la presente Pol\u00edtica de Privacidad o el tratamiento de tus datos personales.<\/p>\n<p>E-mail: legal@rhyucatan.com<\/p>\n<ol start=\"2\">\n<li><strong> \u00bfQu\u00e9 requisitos debes cumplir para suministrarnos tus datos personales?<\/strong><\/li>\n<\/ol>\n<p>2.1. Veracidad. Cuando nos proporcionas tus datos para utilizar nuestros servicios, garantizas que los datos e informaci\u00f3n facilitada es real, veraz, actualizada y adem\u00e1s te pertenece a ti y no a terceras personas.<\/p>\n<p>Adem\u00e1s, deber\u00e1s notificarnos cualquier modificaci\u00f3n que se produzca en los datos facilitados, respondiendo en cualquier caso de la veracidad y exactitud de los datos suministrados en cada momento.<\/p>\n<p>2.2. Control de Edad y Veracidad. Desde RH YUCATAN nos reservamos el derecho a verificar tu edad e informaci\u00f3n identificativa en cualquier momento, si es necesario, incluso requiri\u00e9ndote un documento oficial acreditativo o procedimiento equivalente y, en caso de detecci\u00f3n de fraude que se compruebe o se sospeche que eres menor de la edad indicada, a eliminar, desactivar temporalmente y\/o cancelar tu cuenta.<\/p>\n<ol start=\"3\">\n<li><strong> \u00bfQu\u00e9 tratamientos de datos realizamos a trav\u00e9s del sitio web y cu\u00e1les son sus principales caracter\u00edsticas?<\/strong><\/li>\n<\/ol>\n<p>A continuaci\u00f3n, te explicamos c\u00f3mo tratamos tu informaci\u00f3n personal y te proporcionamos, en detalle, toda la informaci\u00f3n relevante relativa a tu privacidad:<\/p>\n<p>3.1\u00a0<strong>Navegaci\u00f3n por el Sitio Web (cookies)<\/strong><\/p>\n<p>En el presente Sitio Web utilizamos cookies u otras herramientas de seguimiento y rastreo para recabar informaci\u00f3n acerca del uso que los usuarios realizan del Sitio Web.<\/p>\n<p>Para m\u00e1s informaci\u00f3n sobre el tratamiento que realizamos a trav\u00e9s de dichas herramientas de seguimiento, visita nuestra Pol\u00edtica de Cookies.<\/p>\n<p>3.2\u00a0<strong>Perfiles de RH YUCATAN en redes sociales.<\/strong><\/p>\n<p>RH YUCATAN cuenta con perfil en las principales redes sociales, tales como<em>\u00a0Facebook, Twitter, Instagram, TikTok, Linkedin o YouTube<\/em>.<\/p>\n<p>Cuando te haces seguidor de alguna de nuestras p\u00e1ginas en las redes sociales, el tratamiento de los datos, se regir\u00e1 por las condiciones de uso, pol\u00edticas de privacidad y normativas de acceso que pertenezcan a la red social correspondiente y aceptadas previamente por el usuario.<\/p>\n<p>RH YUCATAN, en este sentido, tratar\u00e1 tus datos con las finalidades de administrar correctamente su presencia en la red social, inform\u00e1ndote de actividades, productos o servicios, as\u00ed como para cualquier otra finalidad que las normativas de las redes sociales permitan.<\/p>\n<p>Ten en cuenta que nosotros no tenemos influencia sobre la informaci\u00f3n que la red social recoge o c\u00f3mo la procesa, por lo que te recomendamos que te mantengas informado del prop\u00f3sito y alcance de la recogida de informaci\u00f3n que se realiza a trav\u00e9s de dichas redes sociales.<\/p>\n<ol start=\"4\">\n<li><strong>\u00bfA qui\u00e9n cedemos tu informaci\u00f3n personal?<\/strong><\/li>\n<\/ol>\n<p>Por lo general, desde RH YUCATAN no comunicaremos tus datos a terceros. No obstante, adem\u00e1s de las cesiones que te indicamos espec\u00edficamente en el apartado en que te explicamos las caracter\u00edsticas de las diferentes operaciones (punto 3), te informamos de las comunicaciones que podemos realizar, con car\u00e1cter general, y que afectan a todos los tratamientos anteriores y su base legitimadora.<\/p>\n<ol>\n<li><strong>Prestadores de servicios<\/strong>esenciales para ejecutar el servicio que te ofrecemos, ya sea empresas del grupo empresarial al que pertenece RH YUCATAN u proveedores de servicios externos (por ejemplo, empresas de alojamiento inform\u00e1tico o plataformas de env\u00edo de las comunicaciones comerciales). No obstante, lo anterior, estas entidades han firmado los correspondientes acuerdos de confidencialidad y solo tratar\u00e1n tus datos seg\u00fan nuestras instrucciones, no pudiendo utilizarlos para finalidades propias o aparte del servicio que nos prestan.<\/li>\n<li><strong>Organismos P\u00fablicos<\/strong>. Podremos revelar a las autoridades p\u00fablicas competentes los datos y cualquier otra informaci\u00f3n que est\u00e9 en nuestro poder o que sea accesible a trav\u00e9s de nuestros sistemas cuando exista una obligaci\u00f3n legal para ello, as\u00ed como cuando sea requerida, por ejemplo, cuando la finalidad sea la de prevenir o perseguir abusos de los servicios o actividades fraudulentas a trav\u00e9s de nuestro Sitio Web o p\u00e1gina web. En estos casos, los datos de car\u00e1cter personal que nos facilites se conservar\u00edan y pondr\u00edan a disposici\u00f3n de las autoridades administrativas o judiciales.<\/li>\n<li><strong>En caso de una operaci\u00f3n societaria:<\/strong>En caso de una fusi\u00f3n, una adquisici\u00f3n, venta de la totalidad o parte de sus activos o cualquier otro tipo de operaci\u00f3n societaria en la que intervenga un tercero, podremos compartir, divulgar o transferir los datos de los usuarios a la entidad sucesora (incluso durante la fase previa a la operaci\u00f3n).<\/li>\n<li><strong>A terceros despu\u00e9s de una agregaci\u00f3n o anonimizaci\u00f3n:\u00a0<\/strong>podremos divulgar o utilizar datos agregados o anonimizados (es decir, los cuales no sean vinculables a una persona f\u00edsica identificada o identificable) para cualquier finalidad.<\/li>\n<li><strong>A terceros con el consentimiento del usuario u otra base leg\u00edtima:\u00a0<\/strong>En el caso de que queramos compartir datos con terceros fuera del \u00e1mbito de esta Pol\u00edtica de privacidad se solicitar\u00e1, en todo caso, su consentimiento o se informar\u00e1 sobre la misma y su base leg\u00edtima.<\/li>\n<\/ol>\n<p>Asimismo, te informamos de que esta Pol\u00edtica de Privacidad s\u00f3lo se refiere a la recogida, tratamiento y uso de informaci\u00f3n (relativa a datos personales) por nuestra parte a trav\u00e9s de la interacci\u00f3n que realizas con nuestro Sitio Web. El acceso a p\u00e1ginas Web de terceros a las que puedas acceder a trav\u00e9s de enlaces desde el Sitio Web tienen sus propias pol\u00edticas de privacidad sobre las que no tenemos ning\u00fan control. Por ello, antes de facilitarles alguna informaci\u00f3n personal, te recomendamos que te informes sobre sus Pol\u00edticas de Privacidad.<\/p>\n<ol start=\"5\">\n<li><strong> \u00bfSe transfieren tus datos personales a terceros pa\u00edses fuera del espacio econ\u00f3mico?<\/strong><\/li>\n<\/ol>\n<p>RH YUCATAN y nuestros prestadores de servicios est\u00e1n ubicados en pa\u00edses ubicados fuera de los Estados Unidos Mexicanos (M\u00e9xico)<\/p>\n<p>Para cumplir las finalidades indicadas en el apartado 3 anterior, resulta necesario transferir la informaci\u00f3n que nos ha proporcionado RH YUCATAN y proporcionarnos informaci\u00f3n a trav\u00e9s de este sitio Web, nos autoriza expresamente para efectuar tales transferencias a RH YUCATAN y a nuestros proveedores descritos abajo para cumplir la(s) finalidad(es) necesarias anteriormente descrita(s) u otras aquellas exigidas legalmente o por las autoridades competentes, s\u00f3lo transferir\u00e1n los datos necesarios en los casos legalmente previstos<\/p>\n<ol start=\"6\">\n<li><strong> \u00bfCu\u00e1les son los derechos que puedes ejercer como interesado\/a?<\/strong><\/li>\n<\/ol>\n<p>Puedes ejercer los derechos que la ley te garantiza en relaci\u00f3n con el tratamiento de tus datos personales contactando con nuestro Departamento de Datos Personales a trav\u00e9s del correo electr\u00f3nico legal@rhyucatan.com<\/p>\n<p>Cualquier petici\u00f3n de derechos que recibamos la resolveremos lo antes posible y, en cualquier caso, dentro del plazo m\u00e1ximo establecido por la legislaci\u00f3n desde que la recibamos. En algunos casos, ser\u00e1 necesario solicitarte una copia de tu documento de identidad u otro documento identificativo si es necesario verificar tu identidad.<\/p>\n<p>Los derechos que te corresponden como interesad@, son los siguientes:<\/p>\n<ol>\n<li><strong>Derecho a retirar el consentimiento otorgado<\/strong><\/li>\n<\/ol>\n<p>Puedes revocar tu consentimiento en relaci\u00f3n con todos los procesamientos basados en \u00e9l en cualquier momento. No obstante, la retirada del consentimiento no afectar\u00e1 a la licitud del tratamiento basada en el consentimiento previo a su retirada.<\/p>\n<ol start=\"2\">\n<li><strong>Derecho de acceso<\/strong><\/li>\n<\/ol>\n<p>Tienes derecho a saber qu\u00e9 datos est\u00e1n siendo objeto de tratamiento, si procede y, si es as\u00ed, obtener una copia de estos, as\u00ed como a obtener informaci\u00f3n relativa a:<\/p>\n<ul>\n<li>el origen y los destinatarios de los datos;<\/li>\n<li>las finalidades para las que se tratan;<\/li>\n<li>si existe un proceso de toma de decisiones automatizado, incluida la elaboraci\u00f3n de perfiles;<\/li>\n<li>el per\u00edodo de retenci\u00f3n de los datos; y<\/li>\n<li>los derechos previstos por la normativa.<\/li>\n<\/ul>\n<ol start=\"3\">\n<li><strong>Derecho de rectificaci\u00f3n<\/strong><\/li>\n<\/ol>\n<p>Tienes derecho a obtener la rectificaci\u00f3n de tus datos personales o a completarlos cuando est\u00e1n incompletos.<\/p>\n<ol start=\"4\">\n<li><strong>Derecho de supresi\u00f3n<\/strong><\/li>\n<\/ol>\n<p>Tienes derecho a solicitar la supresi\u00f3n de tus datos personales si ya no son necesarios para el prop\u00f3sito para el que fueron recopilados o, en su caso, si ya no estamos autorizados para tratarlos.<\/p>\n<ol start=\"5\">\n<li><strong>Derecho de oposici\u00f3n<\/strong><\/li>\n<\/ol>\n<p>Tienes derecho a oponerte en cualquier momento al procesamiento de tus datos personales en funci\u00f3n de nuestro inter\u00e9s leg\u00edtimo, incluida la elaboraci\u00f3n de perfiles.<\/p>\n<p><strong>\u00a0 \u00a0 8. \u00bfC\u00f3mo garantizamos la confidencialidad de tu informaci\u00f3n?<\/strong><\/p>\n<p>La seguridad de tus datos personales es una prioridad para nosotros. Por ello, RH YUCATAN ha implantado todas las medidas de seguridad necesarias para garantizar un uso y tratamiento de los datos de car\u00e1cter personal facilitados por el\/la usuario eficaz, salvaguardando la intimidad, privacidad, confidencialidad e integridad de los mismos y hace uso de los medios t\u00e9cnicos necesarios para evitar la alteraci\u00f3n, p\u00e9rdida, acceso no autorizado o tratamiento de sus datos, seg\u00fan el estado de la tecnolog\u00eda en cada momento.<\/p>\n<p>Consecuentemente, cumplimos con los est\u00e1ndares de seguridad recomendados para protegerlos. Sin embargo, es imposible garantizar de un modo total su seguridad por la propia naturaleza de internet y porque pueden existir actuaciones dolosas de terceros fuera de nuestro control.<\/p>\n<p>Nos comprometemos a actuar con rapidez y diligencia en caso de que la seguridad de los datos se vea en peligro o comprometida, y a informarte sobre ello en caso de que sea relevante.<\/p>\n<p><strong>\u00a0 \u00a0 \u00a0 8. Modificaciones de la presente pol\u00edtica<\/strong><\/p>\n<p>Desde RH YUCATAN podemos modificar el contenido de la pol\u00edtica de privacidad en cualquier momento, especialmente cuando se produzcan modificaciones legislativas, jurisprudenciales o de interpretaci\u00f3n del Instituto Nacional de Transparencia, Acceso a la Informaci\u00f3n y Protecci\u00f3n de Datos Personales<strong>\u00a0<\/strong>que afecten a los tratamientos de datos realizados por RH YUCATAN a trav\u00e9s del presente Sitio Web. Cualquier nueva versi\u00f3n de esta Pol\u00edtica de Privacidad entrar\u00e1 en vigor en la fecha de entrada en vigor publicada.<\/p>\n<p>Te recomendamos que revises peri\u00f3dicamente esta Pol\u00edtica de Privacidad para estar informada de c\u00f3mo se tratan y protegen tus datos personales, as\u00ed como de los derechos que te asisten.<\/p>\n<figure><\/figure>\n<\/article>\n<p>&nbsp;<\/p>\n<footer id=\"colophon\">\n<aside role=\"complementary\">\u00a0<\/aside>\n<\/footer>\n<h1><\/h1>\n","protected":false},"excerpt":{"rendered":"<p>&nbsp; Pol\u00edtica de privacidadLa presente Pol\u00edtica de Tratamiento de Datos Personales e Informaci\u00f3n (en adelante la \u00abPol\u00edtica\u00bb), tiene como objetivo implementar las disposiciones contenidas en la Ley Federal de Protecci\u00f3n de Datos Personales en Posesi\u00f3n de los Particulares y dem\u00e1s normas relacionadas, en lo que se refiere exclusivamente a las bases de datos, archivos e informaci\u00f3n que contenga datos personales susceptibles de tratamiento, y explica como RH YUCATAN . recolecta, almacena, usa, circula y trata informaci\u00f3n que usted nos provee a trav\u00e9s de distintos medios No dudes en consultarnos cualquier duda al respecto a trav\u00e9s del correo electr\u00f3nico:\u00a0legal@rhyucatan.com.\u00cdndice de contenidos<\/p>\n","protected":false},"author":1,"featured_media":0,"parent":0,"menu_order":0,"comment_status":"closed","ping_status":"closed","template":"","meta":{"footnotes":""},"class_list":["post-3","page","type-page","status-publish","hentry"],"yoast_head":"<!-- This site is optimized with the Yoast SEO plugin v26.8 - https:\/\/yoast.com\/product\/yoast-seo-wordpress\/ -->\n<title>Pol\u00edtica de Privacidad -<\/title>\n<meta name=\"robots\" content=\"index, follow, max-snippet:-1, max-image-preview:large, max-video-preview:-1\" \/>\n<link rel=\"canonical\" href=\"https:\/\/rhyucatan.com\/?page_id=3\" \/>\n<meta property=\"og:locale\" content=\"es_ES\" \/>\n<meta property=\"og:type\" content=\"article\" \/>\n<meta property=\"og:title\" content=\"Pol\u00edtica de Privacidad -\" \/>\n<meta property=\"og:description\" content=\"&nbsp; Pol\u00edtica de privacidadLa presente Pol\u00edtica de Tratamiento de Datos Personales e Informaci\u00f3n (en adelante la \u00abPol\u00edtica\u00bb), tiene como objetivo implementar las disposiciones contenidas en la Ley Federal de Protecci\u00f3n de Datos Personales en Posesi\u00f3n de los Particulares y dem\u00e1s normas relacionadas, en lo que se refiere exclusivamente a las bases de datos, archivos e informaci\u00f3n que contenga datos personales susceptibles de tratamiento, y explica como RH YUCATAN . recolecta, almacena, usa, circula y trata informaci\u00f3n que usted nos provee a trav\u00e9s de distintos medios No dudes en consultarnos cualquier duda al respecto a trav\u00e9s del correo electr\u00f3nico:\u00a0legal@rhyucatan.com.\u00cdndice de contenidos\" \/>\n<meta property=\"og:url\" content=\"https:\/\/rhyucatan.com\/?page_id=3\" \/>\n<meta property=\"article:publisher\" content=\"https:\/\/www.facebook.com\/rhyucatanrys?mibextid=ZbWKwL\" \/>\n<meta property=\"article:modified_time\" content=\"2024-01-02T20:44:59+00:00\" \/>\n<meta name=\"twitter:card\" content=\"summary_large_image\" \/>\n<meta name=\"twitter:label1\" content=\"Tiempo de lectura\" \/>\n\t<meta name=\"twitter:data1\" content=\"9 minutos\" \/>\n<script type=\"application\/ld+json\" class=\"yoast-schema-graph\">{\"@context\":\"https:\/\/schema.org\",\"@graph\":[{\"@type\":\"WebPage\",\"@id\":\"https:\/\/rhyucatan.com\/?page_id=3\",\"url\":\"https:\/\/rhyucatan.com\/?page_id=3\",\"name\":\"Pol\u00edtica de Privacidad -\",\"isPartOf\":{\"@id\":\"https:\/\/rhyucatan.com\/#website\"},\"datePublished\":\"2023-09-21T14:16:14+00:00\",\"dateModified\":\"2024-01-02T20:44:59+00:00\",\"breadcrumb\":{\"@id\":\"https:\/\/rhyucatan.com\/?page_id=3#breadcrumb\"},\"inLanguage\":\"es\",\"potentialAction\":[{\"@type\":\"ReadAction\",\"target\":[\"https:\/\/rhyucatan.com\/?page_id=3\"]}]},{\"@type\":\"BreadcrumbList\",\"@id\":\"https:\/\/rhyucatan.com\/?page_id=3#breadcrumb\",\"itemListElement\":[{\"@type\":\"ListItem\",\"position\":1,\"name\":\"Portada\",\"item\":\"https:\/\/rhyucatan.com\/\"},{\"@type\":\"ListItem\",\"position\":2,\"name\":\"Pol\u00edtica de Privacidad\"}]},{\"@type\":\"WebSite\",\"@id\":\"https:\/\/rhyucatan.com\/#website\",\"url\":\"https:\/\/rhyucatan.com\/\",\"name\":\"RH Yucat\u00e1n\",\"description\":\"\",\"publisher\":{\"@id\":\"https:\/\/rhyucatan.com\/#organization\"},\"potentialAction\":[{\"@type\":\"SearchAction\",\"target\":{\"@type\":\"EntryPoint\",\"urlTemplate\":\"https:\/\/rhyucatan.com\/?s={search_term_string}\"},\"query-input\":{\"@type\":\"PropertyValueSpecification\",\"valueRequired\":true,\"valueName\":\"search_term_string\"}}],\"inLanguage\":\"es\"},{\"@type\":\"Organization\",\"@id\":\"https:\/\/rhyucatan.com\/#organization\",\"name\":\"RH Yucat\u00e1n\",\"url\":\"https:\/\/rhyucatan.com\/\",\"logo\":{\"@type\":\"ImageObject\",\"inLanguage\":\"es\",\"@id\":\"https:\/\/rhyucatan.com\/#\/schema\/logo\/image\/\",\"url\":\"https:\/\/rhyucatan.com\/wp-content\/uploads\/2023\/09\/cropped-1233-1.png\",\"contentUrl\":\"https:\/\/rhyucatan.com\/wp-content\/uploads\/2023\/09\/cropped-1233-1.png\",\"width\":370,\"height\":336,\"caption\":\"RH Yucat\u00e1n\"},\"image\":{\"@id\":\"https:\/\/rhyucatan.com\/#\/schema\/logo\/image\/\"},\"sameAs\":[\"https:\/\/www.facebook.com\/rhyucatanrys?mibextid=ZbWKwL\"]}]}<\/script>\n<!-- \/ Yoast SEO plugin. -->","yoast_head_json":{"title":"Pol\u00edtica de Privacidad -","robots":{"index":"index","follow":"follow","max-snippet":"max-snippet:-1","max-image-preview":"max-image-preview:large","max-video-preview":"max-video-preview:-1"},"canonical":"https:\/\/rhyucatan.com\/?page_id=3","og_locale":"es_ES","og_type":"article","og_title":"Pol\u00edtica de Privacidad -","og_description":"&nbsp; Pol\u00edtica de privacidadLa presente Pol\u00edtica de Tratamiento de Datos Personales e Informaci\u00f3n (en adelante la \u00abPol\u00edtica\u00bb), tiene como objetivo implementar las disposiciones contenidas en la Ley Federal de Protecci\u00f3n de Datos Personales en Posesi\u00f3n de los Particulares y dem\u00e1s normas relacionadas, en lo que se refiere exclusivamente a las bases de datos, archivos e informaci\u00f3n que contenga datos personales susceptibles de tratamiento, y explica como RH YUCATAN . recolecta, almacena, usa, circula y trata informaci\u00f3n que usted nos provee a trav\u00e9s de distintos medios No dudes en consultarnos cualquier duda al respecto a trav\u00e9s del correo electr\u00f3nico:\u00a0legal@rhyucatan.com.\u00cdndice de contenidos","og_url":"https:\/\/rhyucatan.com\/?page_id=3","article_publisher":"https:\/\/www.facebook.com\/rhyucatanrys?mibextid=ZbWKwL","article_modified_time":"2024-01-02T20:44:59+00:00","twitter_card":"summary_large_image","twitter_misc":{"Tiempo de lectura":"9 minutos"},"schema":{"@context":"https:\/\/schema.org","@graph":[{"@type":"WebPage","@id":"https:\/\/rhyucatan.com\/?page_id=3","url":"https:\/\/rhyucatan.com\/?page_id=3","name":"Pol\u00edtica de Privacidad -","isPartOf":{"@id":"https:\/\/rhyucatan.com\/#website"},"datePublished":"2023-09-21T14:16:14+00:00","dateModified":"2024-01-02T20:44:59+00:00","breadcrumb":{"@id":"https:\/\/rhyucatan.com\/?page_id=3#breadcrumb"},"inLanguage":"es","potentialAction":[{"@type":"ReadAction","target":["https:\/\/rhyucatan.com\/?page_id=3"]}]},{"@type":"BreadcrumbList","@id":"https:\/\/rhyucatan.com\/?page_id=3#breadcrumb","itemListElement":[{"@type":"ListItem","position":1,"name":"Portada","item":"https:\/\/rhyucatan.com\/"},{"@type":"ListItem","position":2,"name":"Pol\u00edtica de Privacidad"}]},{"@type":"WebSite","@id":"https:\/\/rhyucatan.com\/#website","url":"https:\/\/rhyucatan.com\/","name":"RH Yucat\u00e1n","description":"","publisher":{"@id":"https:\/\/rhyucatan.com\/#organization"},"potentialAction":[{"@type":"SearchAction","target":{"@type":"EntryPoint","urlTemplate":"https:\/\/rhyucatan.com\/?s={search_term_string}"},"query-input":{"@type":"PropertyValueSpecification","valueRequired":true,"valueName":"search_term_string"}}],"inLanguage":"es"},{"@type":"Organization","@id":"https:\/\/rhyucatan.com\/#organization","name":"RH Yucat\u00e1n","url":"https:\/\/rhyucatan.com\/","logo":{"@type":"ImageObject","inLanguage":"es","@id":"https:\/\/rhyucatan.com\/#\/schema\/logo\/image\/","url":"https:\/\/rhyucatan.com\/wp-content\/uploads\/2023\/09\/cropped-1233-1.png","contentUrl":"https:\/\/rhyucatan.com\/wp-content\/uploads\/2023\/09\/cropped-1233-1.png","width":370,"height":336,"caption":"RH Yucat\u00e1n"},"image":{"@id":"https:\/\/rhyucatan.com\/#\/schema\/logo\/image\/"},"sameAs":["https:\/\/www.facebook.com\/rhyucatanrys?mibextid=ZbWKwL"]}]}},"_links":{"self":[{"href":"https:\/\/rhyucatan.com\/index.php?rest_route=\/wp\/v2\/pages\/3","targetHints":{"allow":["GET"]}}],"collection":[{"href":"https:\/\/rhyucatan.com\/index.php?rest_route=\/wp\/v2\/pages"}],"about":[{"href":"https:\/\/rhyucatan.com\/index.php?rest_route=\/wp\/v2\/types\/page"}],"author":[{"embeddable":true,"href":"https:\/\/rhyucatan.com\/index.php?rest_route=\/wp\/v2\/users\/1"}],"replies":[{"embeddable":true,"href":"https:\/\/rhyucatan.com\/index.php?rest_route=%2Fwp%2Fv2%2Fcomments&post=3"}],"version-history":[{"count":22,"href":"https:\/\/rhyucatan.com\/index.php?rest_route=\/wp\/v2\/pages\/3\/revisions"}],"predecessor-version":[{"id":1072,"href":"https:\/\/rhyucatan.com\/index.php?rest_route=\/wp\/v2\/pages\/3\/revisions\/1072"}],"wp:attachment":[{"href":"https:\/\/rhyucatan.com\/index.php?rest_route=%2Fwp%2Fv2%2Fmedia&parent=3"}],"curies":[{"name":"wp","href":"https:\/\/api.w.org\/{rel}","templated":true}]}}